{"id":863,"date":"2021-09-30T16:07:34","date_gmt":"2021-09-30T14:07:34","guid":{"rendered":"https:\/\/hoffmanns-nas.de\/wordpress\/?page_id=863"},"modified":"2023-04-05T13:16:02","modified_gmt":"2023-04-05T11:16:02","slug":"presse-projekte","status":"publish","type":"page","link":"https:\/\/www.hoffmanns-nas.de\/wordpress\/presse-projekte\/","title":{"rendered":"Presse \/ Kooperationen"},"content":{"rendered":"\t\t<div data-elementor-type=\"wp-page\" data-elementor-id=\"863\" class=\"elementor elementor-863\" data-elementor-settings=\"[]\">\n\t\t\t\t\t\t\t<div class=\"elementor-section-wrap\">\n\t\t\t\t\t\t\t<section class=\"elementor-section elementor-top-section elementor-element elementor-element-bd44db6 elementor-section-boxed elementor-section-height-default elementor-section-height-default\" data-id=\"bd44db6\" data-element_type=\"section\">\n\t\t\t\t\t\t<div class=\"elementor-container elementor-column-gap-default\">\n\t\t\t\t\t<div class=\"elementor-column elementor-col-100 elementor-top-column elementor-element elementor-element-f5069a3\" data-id=\"f5069a3\" data-element_type=\"column\">\n\t\t\t<div class=\"elementor-widget-wrap elementor-element-populated\">\n\t\t\t\t\t\t\t\t<div class=\"elementor-element elementor-element-8d02c7b elementor-widget elementor-widget-heading\" data-id=\"8d02c7b\" data-element_type=\"widget\" data-widget_type=\"heading.default\">\n\t\t\t\t<div class=\"elementor-widget-container\">\n\t\t\t<h3 class=\"elementor-heading-title elementor-size-default\">Die kleinen Veilchen in der Presse<\/h3>\t\t<\/div>\n\t\t\t\t<\/div>\n\t\t\t\t<div class=\"elementor-element elementor-element-2a25f1e elementor-widget elementor-widget-image\" data-id=\"2a25f1e\" data-element_type=\"widget\" data-widget_type=\"image.default\">\n\t\t\t\t<div class=\"elementor-widget-container\">\n\t\t\t\t\t\t\t\t\t\t\t\t\t\t\t<img width=\"688\" height=\"746\" src=\"https:\/\/www.hoffmanns-nas.de\/wordpress\/wp-content\/uploads\/2021\/09\/11-Zeitungsbericht-2-scaled-e1633011332310-945x1024.jpg\" class=\"attachment-large size-large\" alt=\"\" loading=\"lazy\" srcset=\"https:\/\/www.hoffmanns-nas.de\/wordpress\/wp-content\/uploads\/2021\/09\/11-Zeitungsbericht-2-scaled-e1633011332310-945x1024.jpg 945w, https:\/\/www.hoffmanns-nas.de\/wordpress\/wp-content\/uploads\/2021\/09\/11-Zeitungsbericht-2-scaled-e1633011332310-277x300.jpg 277w, https:\/\/www.hoffmanns-nas.de\/wordpress\/wp-content\/uploads\/2021\/09\/11-Zeitungsbericht-2-scaled-e1633011332310-768x833.jpg 768w, https:\/\/www.hoffmanns-nas.de\/wordpress\/wp-content\/uploads\/2021\/09\/11-Zeitungsbericht-2-scaled-e1633011332310.jpg 1369w\" sizes=\"(max-width: 688px) 100vw, 688px\" \/>\t\t\t\t\t\t\t\t\t\t\t\t\t\t\t<\/div>\n\t\t\t\t<\/div>\n\t\t\t\t<div class=\"elementor-element elementor-element-596ba6c elementor-widget elementor-widget-image\" data-id=\"596ba6c\" data-element_type=\"widget\" data-widget_type=\"image.default\">\n\t\t\t\t<div class=\"elementor-widget-container\">\n\t\t\t\t\t\t\t\t\t\t\t\t\t\t\t<img width=\"464\" height=\"1024\" src=\"https:\/\/www.hoffmanns-nas.de\/wordpress\/wp-content\/uploads\/2021\/09\/10-Zeitungsbericht-1-1-scaled-e1633011372472-464x1024.jpg\" class=\"attachment-large size-large\" alt=\"\" loading=\"lazy\" srcset=\"https:\/\/www.hoffmanns-nas.de\/wordpress\/wp-content\/uploads\/2021\/09\/10-Zeitungsbericht-1-1-scaled-e1633011372472-464x1024.jpg 464w, https:\/\/www.hoffmanns-nas.de\/wordpress\/wp-content\/uploads\/2021\/09\/10-Zeitungsbericht-1-1-scaled-e1633011372472-136x300.jpg 136w, https:\/\/www.hoffmanns-nas.de\/wordpress\/wp-content\/uploads\/2021\/09\/10-Zeitungsbericht-1-1-scaled-e1633011372472-768x1694.jpg 768w, https:\/\/www.hoffmanns-nas.de\/wordpress\/wp-content\/uploads\/2021\/09\/10-Zeitungsbericht-1-1-scaled-e1633011372472-696x1536.jpg 696w, https:\/\/www.hoffmanns-nas.de\/wordpress\/wp-content\/uploads\/2021\/09\/10-Zeitungsbericht-1-1-scaled-e1633011372472-929x2048.jpg 929w, https:\/\/www.hoffmanns-nas.de\/wordpress\/wp-content\/uploads\/2021\/09\/10-Zeitungsbericht-1-1-scaled-e1633011372472.jpg 998w\" sizes=\"(max-width: 464px) 100vw, 464px\" \/>\t\t\t\t\t\t\t\t\t\t\t\t\t\t\t<\/div>\n\t\t\t\t<\/div>\n\t\t\t\t<div class=\"elementor-element elementor-element-7c5163c elementor-widget elementor-widget-image\" data-id=\"7c5163c\" data-element_type=\"widget\" data-widget_type=\"image.default\">\n\t\t\t\t<div class=\"elementor-widget-container\">\n\t\t\t\t\t\t\t\t\t\t\t\t\t\t\t<img width=\"666\" height=\"1024\" src=\"https:\/\/www.hoffmanns-nas.de\/wordpress\/wp-content\/uploads\/2021\/09\/Zeitung-scaled-e1633011397424-666x1024.jpg\" class=\"attachment-large size-large\" alt=\"\" loading=\"lazy\" srcset=\"https:\/\/www.hoffmanns-nas.de\/wordpress\/wp-content\/uploads\/2021\/09\/Zeitung-scaled-e1633011397424-666x1024.jpg 666w, https:\/\/www.hoffmanns-nas.de\/wordpress\/wp-content\/uploads\/2021\/09\/Zeitung-scaled-e1633011397424-195x300.jpg 195w, https:\/\/www.hoffmanns-nas.de\/wordpress\/wp-content\/uploads\/2021\/09\/Zeitung-scaled-e1633011397424-768x1182.jpg 768w, https:\/\/www.hoffmanns-nas.de\/wordpress\/wp-content\/uploads\/2021\/09\/Zeitung-scaled-e1633011397424-998x1536.jpg 998w, https:\/\/www.hoffmanns-nas.de\/wordpress\/wp-content\/uploads\/2021\/09\/Zeitung-scaled-e1633011397424-1331x2048.jpg 1331w, https:\/\/www.hoffmanns-nas.de\/wordpress\/wp-content\/uploads\/2021\/09\/Zeitung-scaled-e1633011397424-1600x2462.jpg 1600w, https:\/\/www.hoffmanns-nas.de\/wordpress\/wp-content\/uploads\/2021\/09\/Zeitung-scaled-e1633011397424.jpg 1664w\" sizes=\"(max-width: 666px) 100vw, 666px\" \/>\t\t\t\t\t\t\t\t\t\t\t\t\t\t\t<\/div>\n\t\t\t\t<\/div>\n\t\t\t\t<div class=\"elementor-element elementor-element-8866661 elementor-widget elementor-widget-spacer\" data-id=\"8866661\" data-element_type=\"widget\" data-widget_type=\"spacer.default\">\n\t\t\t\t<div class=\"elementor-widget-container\">\n\t\t\t\t\t<div class=\"elementor-spacer\">\n\t\t\t<div class=\"elementor-spacer-inner\"><\/div>\n\t\t<\/div>\n\t\t\t\t<\/div>\n\t\t\t\t<\/div>\n\t\t\t\t<div class=\"elementor-element elementor-element-c2c160f elementor-widget elementor-widget-heading\" data-id=\"c2c160f\" data-element_type=\"widget\" data-widget_type=\"heading.default\">\n\t\t\t\t<div class=\"elementor-widget-container\">\n\t\t\t<h3 class=\"elementor-heading-title elementor-size-default\">Kooperation mit dem Arbeitskreis Zahngesundheit<\/h3>\t\t<\/div>\n\t\t\t\t<\/div>\n\t\t\t\t<div class=\"elementor-element elementor-element-5b8b7ae elementor-arrows-position-inside elementor-pagination-position-outside elementor-widget elementor-widget-image-carousel\" data-id=\"5b8b7ae\" data-element_type=\"widget\" data-settings=\"{&quot;navigation&quot;:&quot;both&quot;,&quot;autoplay&quot;:&quot;yes&quot;,&quot;pause_on_hover&quot;:&quot;yes&quot;,&quot;pause_on_interaction&quot;:&quot;yes&quot;,&quot;autoplay_speed&quot;:5000,&quot;infinite&quot;:&quot;yes&quot;,&quot;speed&quot;:500}\" data-widget_type=\"image-carousel.default\">\n\t\t\t\t<div class=\"elementor-widget-container\">\n\t\t\t\t\t<div class=\"elementor-image-carousel-wrapper swiper-container\" dir=\"ltr\">\n\t\t\t<div class=\"elementor-image-carousel swiper-wrapper\">\n\t\t\t\t\t\t\t\t<div class=\"swiper-slide\"><a data-elementor-open-lightbox=\"yes\" data-elementor-lightbox-slideshow=\"5b8b7ae\" data-elementor-lightbox-title=\"20201001_094709\" href=\"https:\/\/www.hoffmanns-nas.de\/wordpress\/wp-content\/uploads\/2021\/10\/20201001_094709-scaled.jpg\"><figure class=\"swiper-slide-inner\"><img class=\"swiper-slide-image\" src=\"https:\/\/www.hoffmanns-nas.de\/wordpress\/wp-content\/uploads\/2021\/10\/20201001_094709-150x150.jpg\" alt=\"20201001_094709\" \/><\/figure><\/a><\/div><div class=\"swiper-slide\"><a data-elementor-open-lightbox=\"yes\" data-elementor-lightbox-slideshow=\"5b8b7ae\" data-elementor-lightbox-title=\"20201012_074644\" href=\"https:\/\/www.hoffmanns-nas.de\/wordpress\/wp-content\/uploads\/2021\/10\/20201012_074644-scaled.jpg\"><figure class=\"swiper-slide-inner\"><img class=\"swiper-slide-image\" src=\"https:\/\/www.hoffmanns-nas.de\/wordpress\/wp-content\/uploads\/2021\/10\/20201012_074644-150x150.jpg\" alt=\"20201012_074644\" \/><\/figure><\/a><\/div>\t\t\t<\/div>\n\t\t\t\t\t\t\t\t\t\t\t\t<div class=\"swiper-pagination\"><\/div>\n\t\t\t\t\t\t\t\t\t\t\t\t\t<div class=\"elementor-swiper-button elementor-swiper-button-prev\">\n\t\t\t\t\t\t<i aria-hidden=\"true\" class=\"eicon-chevron-left\"><\/i>\t\t\t\t\t\t<span class=\"elementor-screen-only\">Zur\u00fcck<\/span>\n\t\t\t\t\t<\/div>\n\t\t\t\t\t<div class=\"elementor-swiper-button elementor-swiper-button-next\">\n\t\t\t\t\t\t<i aria-hidden=\"true\" class=\"eicon-chevron-right\"><\/i>\t\t\t\t\t\t<span class=\"elementor-screen-only\">Weiter<\/span>\n\t\t\t\t\t<\/div>\n\t\t\t\t\t\t\t\t\t<\/div>\n\t\t\t\t<\/div>\n\t\t\t\t<\/div>\n\t\t\t\t<div class=\"elementor-element elementor-element-a20bc31 elementor-widget elementor-widget-button\" data-id=\"a20bc31\" data-element_type=\"widget\" data-widget_type=\"button.default\">\n\t\t\t\t<div class=\"elementor-widget-container\">\n\t\t\t\t\t<div class=\"elementor-button-wrapper\">\n\t\t\t<a href=\"https:\/\/ak-zahngesundheit-wl.de\/\" target=\"_blank\" class=\"elementor-button-link elementor-button elementor-size-sm\" role=\"button\">\n\t\t\t\t\t\t<span class=\"elementor-button-content-wrapper\">\n\t\t\t\t\t\t<span class=\"elementor-button-text\">Arbeitskreis Zahngesundheit Westfalen Lippe (externe Seite)<\/span>\n\t\t<\/span>\n\t\t\t\t\t<\/a>\n\t\t<\/div>\n\t\t\t\t<\/div>\n\t\t\t\t<\/div>\n\t\t\t\t\t<\/div>\n\t\t<\/div>\n\t\t\t\t\t\t\t<\/div>\n\t\t<\/section>\n\t\t\t\t<section class=\"elementor-section elementor-top-section elementor-element elementor-element-60b6f68 elementor-section-boxed elementor-section-height-default elementor-section-height-default\" data-id=\"60b6f68\" data-element_type=\"section\">\n\t\t\t\t\t\t<div class=\"elementor-container elementor-column-gap-default\">\n\t\t\t\t\t<div class=\"elementor-column elementor-col-100 elementor-top-column elementor-element elementor-element-6d0e5fe\" data-id=\"6d0e5fe\" data-element_type=\"column\">\n\t\t\t<div class=\"elementor-widget-wrap elementor-element-populated\">\n\t\t\t\t\t\t\t\t<div class=\"elementor-element elementor-element-4e9b3e0 elementor-widget elementor-widget-heading\" data-id=\"4e9b3e0\" data-element_type=\"widget\" data-widget_type=\"heading.default\">\n\t\t\t\t<div class=\"elementor-widget-container\">\n\t\t\t<h3 class=\"elementor-heading-title elementor-size-default\">Kooperation mit dem Altenheim \"Matthias-Claudius-Haus\" Enger<\/h3>\t\t<\/div>\n\t\t\t\t<\/div>\n\t\t\t\t<div class=\"elementor-element elementor-element-d7a87e9 elementor-arrows-position-inside elementor-pagination-position-outside elementor-widget elementor-widget-image-carousel\" data-id=\"d7a87e9\" data-element_type=\"widget\" data-settings=\"{&quot;navigation&quot;:&quot;both&quot;,&quot;autoplay&quot;:&quot;yes&quot;,&quot;pause_on_hover&quot;:&quot;yes&quot;,&quot;pause_on_interaction&quot;:&quot;yes&quot;,&quot;autoplay_speed&quot;:5000,&quot;infinite&quot;:&quot;yes&quot;,&quot;speed&quot;:500}\" data-widget_type=\"image-carousel.default\">\n\t\t\t\t<div class=\"elementor-widget-container\">\n\t\t\t\t\t<div class=\"elementor-image-carousel-wrapper swiper-container\" dir=\"ltr\">\n\t\t\t<div class=\"elementor-image-carousel swiper-wrapper\">\n\t\t\t\t\t\t\t\t<div class=\"swiper-slide\"><a data-elementor-open-lightbox=\"yes\" data-elementor-lightbox-slideshow=\"d7a87e9\" data-elementor-lightbox-title=\"20220713_100102\" href=\"https:\/\/www.hoffmanns-nas.de\/wordpress\/wp-content\/uploads\/2022\/12\/20220713_100102-scaled.jpg\"><figure class=\"swiper-slide-inner\"><img class=\"swiper-slide-image\" src=\"https:\/\/www.hoffmanns-nas.de\/wordpress\/wp-content\/uploads\/2022\/12\/20220713_100102-150x150.jpg\" alt=\"20220713_100102\" \/><\/figure><\/a><\/div><div class=\"swiper-slide\"><a data-elementor-open-lightbox=\"yes\" data-elementor-lightbox-slideshow=\"d7a87e9\" data-elementor-lightbox-title=\"Kunst im Altenheim\" href=\"https:\/\/www.hoffmanns-nas.de\/wordpress\/wp-content\/uploads\/2023\/04\/20230403_103846-scaled.jpg\"><figure class=\"swiper-slide-inner\"><img class=\"swiper-slide-image\" src=\"https:\/\/www.hoffmanns-nas.de\/wordpress\/wp-content\/uploads\/2023\/04\/20230403_103846-150x150.jpg\" alt=\"Kunst im Altenheim\" \/><\/figure><\/a><\/div><div class=\"swiper-slide\"><a data-elementor-open-lightbox=\"yes\" data-elementor-lightbox-slideshow=\"d7a87e9\" data-elementor-lightbox-title=\"Besuch im Altenheim\" href=\"https:\/\/www.hoffmanns-nas.de\/wordpress\/wp-content\/uploads\/2022\/06\/20220606_182300-scaled.jpg\"><figure class=\"swiper-slide-inner\"><img class=\"swiper-slide-image\" src=\"https:\/\/www.hoffmanns-nas.de\/wordpress\/wp-content\/uploads\/2022\/06\/20220606_182300-150x150.jpg\" alt=\"Besuch im Altenheim\" \/><\/figure><\/a><\/div><div class=\"swiper-slide\"><a data-elementor-open-lightbox=\"yes\" data-elementor-lightbox-slideshow=\"d7a87e9\" data-elementor-lightbox-title=\"Kunst im Altenheim\" href=\"https:\/\/www.hoffmanns-nas.de\/wordpress\/wp-content\/uploads\/2023\/04\/20230403_103011-scaled.jpg\"><figure class=\"swiper-slide-inner\"><img class=\"swiper-slide-image\" src=\"https:\/\/www.hoffmanns-nas.de\/wordpress\/wp-content\/uploads\/2023\/04\/20230403_103011-150x150.jpg\" alt=\"Kunst im Altenheim\" \/><\/figure><\/a><\/div>\t\t\t<\/div>\n\t\t\t\t\t\t\t\t\t\t\t\t<div class=\"swiper-pagination\"><\/div>\n\t\t\t\t\t\t\t\t\t\t\t\t\t<div class=\"elementor-swiper-button elementor-swiper-button-prev\">\n\t\t\t\t\t\t<i aria-hidden=\"true\" class=\"eicon-chevron-left\"><\/i>\t\t\t\t\t\t<span class=\"elementor-screen-only\">Zur\u00fcck<\/span>\n\t\t\t\t\t<\/div>\n\t\t\t\t\t<div class=\"elementor-swiper-button elementor-swiper-button-next\">\n\t\t\t\t\t\t<i aria-hidden=\"true\" class=\"eicon-chevron-right\"><\/i>\t\t\t\t\t\t<span class=\"elementor-screen-only\">Weiter<\/span>\n\t\t\t\t\t<\/div>\n\t\t\t\t\t\t\t\t\t<\/div>\n\t\t\t\t<\/div>\n\t\t\t\t<\/div>\n\t\t\t\t<div class=\"elementor-element elementor-element-b9c9ca5 elementor-widget elementor-widget-text-editor\" data-id=\"b9c9ca5\" data-element_type=\"widget\" data-widget_type=\"text-editor.default\">\n\t\t\t\t<div class=\"elementor-widget-container\">\n\t\t\t\t\t\t\t<p>Die U3 Kinder und die alten Menschen haben viel Spa\u00df und k\u00f6nnen viel voneinander lernen. Wenn wir alle 6-8 Wochen ins Matthias-Claudius-Haus gehen, kommt Leben in die R\u00e4umlichkeiten, viele alte Menschen bl\u00fchen richtig auf. Wir singen gemeinsam, spielen Ball und Schwungtuch und essen auch schon mal gemeinsam ein Eis<\/p>\t\t\t\t\t\t<\/div>\n\t\t\t\t<\/div>\n\t\t\t\t\t<\/div>\n\t\t<\/div>\n\t\t\t\t\t\t\t<\/div>\n\t\t<\/section>\n\t\t\t\t\t\t<\/div>\n\t\t\t\t\t<\/div>\n\t\t","protected":false},"excerpt":{"rendered":"<p>Die kleinen Veilchen in der Presse Kooperation mit dem Arbeitskreis Zahngesundheit Zur\u00fcck Weiter Arbeitskreis Zahngesundheit Westfalen Lippe (externe Seite) Kooperation&hellip;<\/p>\n","protected":false},"author":1,"featured_media":0,"parent":0,"menu_order":6,"comment_status":"closed","ping_status":"closed","template":"","meta":[],"_links":{"self":[{"href":"https:\/\/www.hoffmanns-nas.de\/wordpress\/wp-json\/wp\/v2\/pages\/863"}],"collection":[{"href":"https:\/\/www.hoffmanns-nas.de\/wordpress\/wp-json\/wp\/v2\/pages"}],"about":[{"href":"https:\/\/www.hoffmanns-nas.de\/wordpress\/wp-json\/wp\/v2\/types\/page"}],"author":[{"embeddable":true,"href":"https:\/\/www.hoffmanns-nas.de\/wordpress\/wp-json\/wp\/v2\/users\/1"}],"replies":[{"embeddable":true,"href":"https:\/\/www.hoffmanns-nas.de\/wordpress\/wp-json\/wp\/v2\/comments?post=863"}],"version-history":[{"count":41,"href":"https:\/\/www.hoffmanns-nas.de\/wordpress\/wp-json\/wp\/v2\/pages\/863\/revisions"}],"predecessor-version":[{"id":1264,"href":"https:\/\/www.hoffmanns-nas.de\/wordpress\/wp-json\/wp\/v2\/pages\/863\/revisions\/1264"}],"wp:attachment":[{"href":"https:\/\/www.hoffmanns-nas.de\/wordpress\/wp-json\/wp\/v2\/media?parent=863"}],"curies":[{"name":"wp","href":"https:\/\/api.w.org\/{rel}","templated":true}]}}